{"id":541,"date":"2023-12-14T11:19:52","date_gmt":"2023-12-14T10:19:52","guid":{"rendered":"https:\/\/meganetburkina.com\/?page_id=541"},"modified":"2023-12-14T11:29:32","modified_gmt":"2023-12-14T10:29:32","slug":"analyse-de-donnees-et-intelligence-artificielle","status":"publish","type":"page","link":"https:\/\/meganetburkina.com\/index.php\/analyse-de-donnees-et-intelligence-artificielle\/","title":{"rendered":"Analyse de Donn\u00e9es et Intelligence Artificielle"},"content":{"rendered":"\t\t<div data-elementor-type=\"wp-page\" data-elementor-id=\"541\" class=\"elementor elementor-541\">\n\t\t\t\t\t\t\t<header class=\"elementor-element elementor-element-3b3cf144 e-con-full e-flex e-con e-parent\" data-id=\"3b3cf144\" data-element_type=\"container\" data-settings=\"{&quot;content_width&quot;:&quot;full&quot;}\" data-core-v316-plus=\"true\">\n\t\t<div class=\"elementor-element elementor-element-685288af e-con-full e-flex e-con e-child\" data-id=\"685288af\" data-element_type=\"container\" data-settings=\"{&quot;content_width&quot;:&quot;full&quot;}\">\n\t\t\t\t<div class=\"elementor-element elementor-element-13297584 elementor-widget elementor-widget-image\" data-id=\"13297584\" data-element_type=\"widget\" data-widget_type=\"image.default\">\n\t\t\t\t<div class=\"elementor-widget-container\">\n\t\t\t<style>\/*! elementor - v3.17.0 - 08-11-2023 *\/\n.elementor-widget-image{text-align:center}.elementor-widget-image a{display:inline-block}.elementor-widget-image a img[src$=\".svg\"]{width:48px}.elementor-widget-image img{vertical-align:middle;display:inline-block}<\/style>\t\t\t\t\t\t\t\t\t\t\t\t<img fetchpriority=\"high\" decoding=\"async\" width=\"2560\" height=\"1707\" src=\"https:\/\/meganetburkina.com\/wp-content\/uploads\/2023\/12\/personne-utilisant-outil-ai-au-travail-scaled.jpg\" class=\"attachment-full size-full wp-image-500\" alt=\"\" srcset=\"https:\/\/meganetburkina.com\/wp-content\/uploads\/2023\/12\/personne-utilisant-outil-ai-au-travail-scaled.jpg 2560w, https:\/\/meganetburkina.com\/wp-content\/uploads\/2023\/12\/personne-utilisant-outil-ai-au-travail-300x200.jpg 300w, https:\/\/meganetburkina.com\/wp-content\/uploads\/2023\/12\/personne-utilisant-outil-ai-au-travail-1024x683.jpg 1024w, https:\/\/meganetburkina.com\/wp-content\/uploads\/2023\/12\/personne-utilisant-outil-ai-au-travail-768x512.jpg 768w, https:\/\/meganetburkina.com\/wp-content\/uploads\/2023\/12\/personne-utilisant-outil-ai-au-travail-1536x1024.jpg 1536w, https:\/\/meganetburkina.com\/wp-content\/uploads\/2023\/12\/personne-utilisant-outil-ai-au-travail-2048x1366.jpg 2048w\" sizes=\"(max-width: 2560px) 100vw, 2560px\" \/>\t\t\t\t\t\t\t\t\t\t\t\t\t\t\t<\/div>\n\t\t\t\t<\/div>\n\t\t\t\t<\/div>\n\t\t\t\t<div class=\"elementor-element elementor-element-1f0433f elementor-widget elementor-widget-heading\" data-id=\"1f0433f\" data-element_type=\"widget\" data-widget_type=\"heading.default\">\n\t\t\t\t<div class=\"elementor-widget-container\">\n\t\t\t<style>\/*! elementor - v3.17.0 - 08-11-2023 *\/\n.elementor-heading-title{padding:0;margin:0;line-height:1}.elementor-widget-heading .elementor-heading-title[class*=elementor-size-]>a{color:inherit;font-size:inherit;line-height:inherit}.elementor-widget-heading .elementor-heading-title.elementor-size-small{font-size:15px}.elementor-widget-heading .elementor-heading-title.elementor-size-medium{font-size:19px}.elementor-widget-heading .elementor-heading-title.elementor-size-large{font-size:29px}.elementor-widget-heading .elementor-heading-title.elementor-size-xl{font-size:39px}.elementor-widget-heading .elementor-heading-title.elementor-size-xxl{font-size:59px}<\/style><h2 class=\"elementor-heading-title elementor-size-default\">Exploiter le Pouvoir des Donn\u00e9es pour Guider Votre Entreprise \n\n<\/h2>\t\t<\/div>\n\t\t\t\t<\/div>\n\t\t\t\t<\/header>\n\t\t<div class=\"elementor-element elementor-element-22f0e7b9 e-con-full e-flex e-con e-parent\" data-id=\"22f0e7b9\" data-element_type=\"container\" data-settings=\"{&quot;background_background&quot;:&quot;classic&quot;,&quot;content_width&quot;:&quot;full&quot;}\" data-core-v316-plus=\"true\">\n\t\t<div class=\"elementor-element elementor-element-316e01ef e-con-full e-flex e-con e-child\" data-id=\"316e01ef\" data-element_type=\"container\" data-settings=\"{&quot;content_width&quot;:&quot;full&quot;}\">\n\t\t\t\t<div class=\"elementor-element elementor-element-7ce7a01 elementor-widget elementor-widget-heading\" data-id=\"7ce7a01\" data-element_type=\"widget\" data-widget_type=\"heading.default\">\n\t\t\t\t<div class=\"elementor-widget-container\">\n\t\t\t<h1 class=\"elementor-heading-title elementor-size-default\">Business Intelligence (BI) Intelligente<\/h1>\t\t<\/div>\n\t\t\t\t<\/div>\n\t\t\t\t<div class=\"elementor-element elementor-element-260e1a47 elementor-widget elementor-widget-text-editor\" data-id=\"260e1a47\" data-element_type=\"widget\" data-widget_type=\"text-editor.default\">\n\t\t\t\t<div class=\"elementor-widget-container\">\n\t\t\t<style>\/*! elementor - v3.17.0 - 08-11-2023 *\/\n.elementor-widget-text-editor.elementor-drop-cap-view-stacked .elementor-drop-cap{background-color:#69727d;color:#fff}.elementor-widget-text-editor.elementor-drop-cap-view-framed .elementor-drop-cap{color:#69727d;border:3px solid;background-color:transparent}.elementor-widget-text-editor:not(.elementor-drop-cap-view-default) .elementor-drop-cap{margin-top:8px}.elementor-widget-text-editor:not(.elementor-drop-cap-view-default) .elementor-drop-cap-letter{width:1em;height:1em}.elementor-widget-text-editor .elementor-drop-cap{float:left;text-align:center;line-height:1;font-size:50px}.elementor-widget-text-editor .elementor-drop-cap-letter{display:inline-block}<\/style>\t\t\t\t<p>Transformez les donn\u00e9es brutes en renseignements exploitables avec notre solution de Business Intelligence. Des tableaux de bord interactifs et des rapports personnalis\u00e9s vous offrent une vision claire de la performance de votre entreprise, vous permettant de prendre des d\u00e9cisions \u00e9clair\u00e9es.<\/p>\t\t\t\t\t\t<\/div>\n\t\t\t\t<\/div>\n\t\t\t\t<\/div>\n\t\t<div class=\"elementor-element elementor-element-425cfaff e-con-full e-flex e-con e-child\" data-id=\"425cfaff\" data-element_type=\"container\" data-settings=\"{&quot;content_width&quot;:&quot;full&quot;}\">\n\t\t\t\t<div class=\"elementor-element elementor-element-604c63e5 elementor-widget elementor-widget-image\" data-id=\"604c63e5\" data-element_type=\"widget\" data-widget_type=\"image.default\">\n\t\t\t\t<div class=\"elementor-widget-container\">\n\t\t\t\t\t\t\t\t\t\t\t\t\t\t\t<img decoding=\"async\" width=\"771\" height=\"430\" src=\"https:\/\/meganetburkina.com\/wp-content\/uploads\/2023\/12\/G-P-WEB.png\" class=\"attachment-large size-large wp-image-494\" alt=\"\" srcset=\"https:\/\/meganetburkina.com\/wp-content\/uploads\/2023\/12\/G-P-WEB.png 771w, https:\/\/meganetburkina.com\/wp-content\/uploads\/2023\/12\/G-P-WEB-300x167.png 300w, https:\/\/meganetburkina.com\/wp-content\/uploads\/2023\/12\/G-P-WEB-768x428.png 768w\" sizes=\"(max-width: 771px) 100vw, 771px\" \/>\t\t\t\t\t\t\t\t\t\t\t\t\t\t\t<\/div>\n\t\t\t\t<\/div>\n\t\t\t\t<\/div>\n\t\t\t\t<\/div>\n\t\t<div class=\"elementor-element elementor-element-cbf2d95 e-con-full e-flex e-con e-parent\" data-id=\"cbf2d95\" data-element_type=\"container\" data-settings=\"{&quot;background_background&quot;:&quot;classic&quot;,&quot;content_width&quot;:&quot;full&quot;}\" data-core-v316-plus=\"true\">\n\t\t<div class=\"elementor-element elementor-element-934785a e-con-full e-flex e-con e-child\" data-id=\"934785a\" data-element_type=\"container\" data-settings=\"{&quot;content_width&quot;:&quot;full&quot;}\">\n\t\t\t\t<div class=\"elementor-element elementor-element-6e93e26 elementor-widget elementor-widget-heading\" data-id=\"6e93e26\" data-element_type=\"widget\" data-widget_type=\"heading.default\">\n\t\t\t\t<div class=\"elementor-widget-container\">\n\t\t\t<h1 class=\"elementor-heading-title elementor-size-default\">Intelligence Artificielle (IA) :<\/h1>\t\t<\/div>\n\t\t\t\t<\/div>\n\t\t\t\t<div class=\"elementor-element elementor-element-316bdb9 elementor-widget elementor-widget-text-editor\" data-id=\"316bdb9\" data-element_type=\"widget\" data-widget_type=\"text-editor.default\">\n\t\t\t\t<div class=\"elementor-widget-container\">\n\t\t\t\t\t\t\t<p><strong> Machine Learning (ML) Appliqu\u00e9 :<\/strong> L&#8217;IA est \u00e0 la base de notre approche. Nous appliquons le Machine Learning pour entra\u00eener des mod\u00e8les personnalis\u00e9s qui automatisent des t\u00e2ches, identifient des sch\u00e9mas complexes et optimisent les processus, am\u00e9liorant ainsi l&#8217;efficacit\u00e9 op\u00e9rationnelle.<\/p><p><strong>\u00a0Traitement du Langage Naturel (NLP) :<\/strong>\u00a0 \u00a0 \u00a0 \u00a0 Donnez \u00e0 vos donn\u00e9es texte une signification avec notre expertise en Traitement du Langage Naturel. Des chatbots intelligents aux analyses s\u00e9mantiques, nous utilisons le NLP pour d\u00e9bloquer des informations pr\u00e9cieuses \u00e0 partir du langage humain.<\/p>\t\t\t\t\t\t<\/div>\n\t\t\t\t<\/div>\n\t\t\t\t<\/div>\n\t\t<div class=\"elementor-element elementor-element-68f77c6 e-con-full e-flex e-con e-child\" data-id=\"68f77c6\" data-element_type=\"container\" data-settings=\"{&quot;content_width&quot;:&quot;full&quot;}\">\n\t\t\t\t<div class=\"elementor-element elementor-element-0a4404a elementor-widget elementor-widget-image\" data-id=\"0a4404a\" data-element_type=\"widget\" data-widget_type=\"image.default\">\n\t\t\t\t<div class=\"elementor-widget-container\">\n\t\t\t\t\t\t\t\t\t\t\t\t\t\t\t<img decoding=\"async\" width=\"1024\" height=\"736\" src=\"https:\/\/meganetburkina.com\/wp-content\/uploads\/2023\/12\/personne-utilisant-outil-ai-au-travail-3-1024x736.jpg\" class=\"attachment-large size-large wp-image-497\" alt=\"\" srcset=\"https:\/\/meganetburkina.com\/wp-content\/uploads\/2023\/12\/personne-utilisant-outil-ai-au-travail-3-1024x736.jpg 1024w, https:\/\/meganetburkina.com\/wp-content\/uploads\/2023\/12\/personne-utilisant-outil-ai-au-travail-3-300x216.jpg 300w, https:\/\/meganetburkina.com\/wp-content\/uploads\/2023\/12\/personne-utilisant-outil-ai-au-travail-3-768x552.jpg 768w, https:\/\/meganetburkina.com\/wp-content\/uploads\/2023\/12\/personne-utilisant-outil-ai-au-travail-3-1536x1104.jpg 1536w, https:\/\/meganetburkina.com\/wp-content\/uploads\/2023\/12\/personne-utilisant-outil-ai-au-travail-3-2048x1472.jpg 2048w\" sizes=\"(max-width: 1024px) 100vw, 1024px\" \/>\t\t\t\t\t\t\t\t\t\t\t\t\t\t\t<\/div>\n\t\t\t\t<\/div>\n\t\t\t\t<\/div>\n\t\t\t\t<\/div>\n\t\t<div class=\"elementor-element elementor-element-d8e1079 e-con-full e-flex e-con e-parent\" data-id=\"d8e1079\" data-element_type=\"container\" data-settings=\"{&quot;background_background&quot;:&quot;classic&quot;,&quot;content_width&quot;:&quot;full&quot;}\" data-core-v316-plus=\"true\">\n\t\t<div class=\"elementor-element elementor-element-6bda8d5 e-con-full e-flex e-con e-child\" data-id=\"6bda8d5\" data-element_type=\"container\" data-settings=\"{&quot;content_width&quot;:&quot;full&quot;}\">\n\t\t\t\t<div class=\"elementor-element elementor-element-c54cace elementor-widget elementor-widget-heading\" data-id=\"c54cace\" data-element_type=\"widget\" data-widget_type=\"heading.default\">\n\t\t\t\t<div class=\"elementor-widget-container\">\n\t\t\t<h1 class=\"elementor-heading-title elementor-size-default\">Intelligence Artificielle (IA) :<\/h1>\t\t<\/div>\n\t\t\t\t<\/div>\n\t\t\t\t<div class=\"elementor-element elementor-element-3169633 elementor-widget elementor-widget-text-editor\" data-id=\"3169633\" data-element_type=\"widget\" data-widget_type=\"text-editor.default\">\n\t\t\t\t<div class=\"elementor-widget-container\">\n\t\t\t\t\t\t\t<p><strong>S\u00e9curit\u00e9 des Donn\u00e9es et Conformit\u00e9 :<\/strong> La confidentialit\u00e9 des donn\u00e9es est notre priorit\u00e9. Nous mettons en place des mesures de s\u00e9curit\u00e9 robustes pour prot\u00e9ger vos informations, tout en assurant une conformit\u00e9 stricte avec les r\u00e9glementations en vigueur.<\/p><p><strong>3. Formation et Accompagnement :<\/strong> Nous ne vous laissons pas seul avec votre solution d&#8217;analyse de donn\u00e9es et d&#8217;IA. Notre \u00e9quipe fournit une formation compl\u00e8te et un accompagnement continu pour vous assurer de tirer le meilleur parti de ces puissants outils.<\/p>\t\t\t\t\t\t<\/div>\n\t\t\t\t<\/div>\n\t\t\t\t<\/div>\n\t\t<div class=\"elementor-element elementor-element-b812009 e-con-full e-flex e-con e-child\" data-id=\"b812009\" data-element_type=\"container\" data-settings=\"{&quot;content_width&quot;:&quot;full&quot;}\">\n\t\t\t\t<div class=\"elementor-element elementor-element-c888ca8 elementor-widget elementor-widget-image\" data-id=\"c888ca8\" data-element_type=\"widget\" data-widget_type=\"image.default\">\n\t\t\t\t<div class=\"elementor-widget-container\">\n\t\t\t\t\t\t\t\t\t\t\t\t\t\t\t<img loading=\"lazy\" decoding=\"async\" width=\"633\" height=\"431\" src=\"https:\/\/meganetburkina.com\/wp-content\/uploads\/2023\/11\/MEGA-DIGI-ACA.jpg\" class=\"attachment-large size-large wp-image-369\" alt=\"\" srcset=\"https:\/\/meganetburkina.com\/wp-content\/uploads\/2023\/11\/MEGA-DIGI-ACA.jpg 633w, https:\/\/meganetburkina.com\/wp-content\/uploads\/2023\/11\/MEGA-DIGI-ACA-300x204.jpg 300w\" sizes=\"(max-width: 633px) 100vw, 633px\" \/>\t\t\t\t\t\t\t\t\t\t\t\t\t\t\t<\/div>\n\t\t\t\t<\/div>\n\t\t\t\t<\/div>\n\t\t\t\t<\/div>\n\t\t\t\t\t\t\t<\/div>\n\t\t","protected":false},"excerpt":{"rendered":"<p>Exploiter le Pouvoir des Donn\u00e9es pour Guider Votre Entreprise Business Intelligence (BI) Intelligente Transformez les donn\u00e9es brutes en renseignements exploitables avec notre solution de Business Intelligence. Des tableaux de bord interactifs et des rapports personnalis\u00e9s vous offrent une vision claire de la performance de votre entreprise, vous permettant de prendre des d\u00e9cisions \u00e9clair\u00e9es. Intelligence Artificielle &hellip;<\/p>\n<p class=\"read-more\"> <a class=\"\" href=\"https:\/\/meganetburkina.com\/index.php\/analyse-de-donnees-et-intelligence-artificielle\/\"> <span class=\"screen-reader-text\">Analyse de Donn\u00e9es et Intelligence Artificielle<\/span> Read More &raquo;<\/a><\/p>\n","protected":false},"author":1,"featured_media":0,"parent":0,"menu_order":0,"comment_status":"closed","ping_status":"closed","template":"","meta":{"site-sidebar-layout":"no-sidebar","site-content-layout":"page-builder","ast-site-content-layout":"full-width-container","site-content-style":"default","site-sidebar-style":"default","ast-global-header-display":"","ast-banner-title-visibility":"","ast-main-header-display":"","ast-hfb-above-header-display":"","ast-hfb-below-header-display":"","ast-hfb-mobile-header-display":"","site-post-title":"disabled","ast-breadcrumbs-content":"","ast-featured-img":"disabled","footer-sml-layout":"","theme-transparent-header-meta":"","adv-header-id-meta":"","stick-header-meta":"","header-above-stick-meta":"","header-main-stick-meta":"","header-below-stick-meta":"","astra-migrate-meta-layouts":"","ast-page-background-enabled":"default","ast-page-background-meta":{"desktop":{"background-color":"","background-image":"","background-repeat":"repeat","background-position":"center center","background-size":"auto","background-attachment":"scroll","background-type":"","background-media":"","overlay-type":"","overlay-color":"","overlay-gradient":""},"tablet":{"background-color":"","background-image":"","background-repeat":"repeat","background-position":"center center","background-size":"auto","background-attachment":"scroll","background-type":"","background-media":"","overlay-type":"","overlay-color":"","overlay-gradient":""},"mobile":{"background-color":"","background-image":"","background-repeat":"repeat","background-position":"center center","background-size":"auto","background-attachment":"scroll","background-type":"","background-media":"","overlay-type":"","overlay-color":"","overlay-gradient":""}},"ast-content-background-meta":{"desktop":{"background-color":"var(--ast-global-color-5)","background-image":"","background-repeat":"repeat","background-position":"center center","background-size":"auto","background-attachment":"scroll","background-type":"","background-media":"","overlay-type":"","overlay-color":"","overlay-gradient":""},"tablet":{"background-color":"var(--ast-global-color-5)","background-image":"","background-repeat":"repeat","background-position":"center center","background-size":"auto","background-attachment":"scroll","background-type":"","background-media":"","overlay-type":"","overlay-color":"","overlay-gradient":""},"mobile":{"background-color":"var(--ast-global-color-5)","background-image":"","background-repeat":"repeat","background-position":"center center","background-size":"auto","background-attachment":"scroll","background-type":"","background-media":"","overlay-type":"","overlay-color":"","overlay-gradient":""}},"footnotes":""},"class_list":["post-541","page","type-page","status-publish","hentry"],"_links":{"self":[{"href":"https:\/\/meganetburkina.com\/index.php\/wp-json\/wp\/v2\/pages\/541","targetHints":{"allow":["GET"]}}],"collection":[{"href":"https:\/\/meganetburkina.com\/index.php\/wp-json\/wp\/v2\/pages"}],"about":[{"href":"https:\/\/meganetburkina.com\/index.php\/wp-json\/wp\/v2\/types\/page"}],"author":[{"embeddable":true,"href":"https:\/\/meganetburkina.com\/index.php\/wp-json\/wp\/v2\/users\/1"}],"replies":[{"embeddable":true,"href":"https:\/\/meganetburkina.com\/index.php\/wp-json\/wp\/v2\/comments?post=541"}],"version-history":[{"count":13,"href":"https:\/\/meganetburkina.com\/index.php\/wp-json\/wp\/v2\/pages\/541\/revisions"}],"predecessor-version":[{"id":554,"href":"https:\/\/meganetburkina.com\/index.php\/wp-json\/wp\/v2\/pages\/541\/revisions\/554"}],"wp:attachment":[{"href":"https:\/\/meganetburkina.com\/index.php\/wp-json\/wp\/v2\/media?parent=541"}],"curies":[{"name":"wp","href":"https:\/\/api.w.org\/{rel}","templated":true}]}}