{"id":557,"date":"2023-12-14T12:22:50","date_gmt":"2023-12-14T11:22:50","guid":{"rendered":"https:\/\/meganetburkina.com\/?page_id=557"},"modified":"2023-12-14T13:33:07","modified_gmt":"2023-12-14T12:33:07","slug":"marketing-digital","status":"publish","type":"page","link":"https:\/\/meganetburkina.com\/index.php\/marketing-digital\/","title":{"rendered":"Marketing Digital"},"content":{"rendered":"\t\t<div data-elementor-type=\"wp-page\" data-elementor-id=\"557\" class=\"elementor elementor-557\">\n\t\t\t\t\t\t\t<header class=\"elementor-element elementor-element-39ea4397 e-con-full e-flex e-con e-parent\" data-id=\"39ea4397\" data-element_type=\"container\" data-settings=\"{&quot;content_width&quot;:&quot;full&quot;}\" data-core-v316-plus=\"true\">\n\t\t<div class=\"elementor-element elementor-element-6b8cc4ae e-con-full e-flex e-con e-child\" data-id=\"6b8cc4ae\" data-element_type=\"container\" data-settings=\"{&quot;content_width&quot;:&quot;full&quot;}\">\n\t\t\t\t<div class=\"elementor-element elementor-element-7a1d4576 elementor-widget elementor-widget-image\" data-id=\"7a1d4576\" data-element_type=\"widget\" data-widget_type=\"image.default\">\n\t\t\t\t<div class=\"elementor-widget-container\">\n\t\t\t<style>\/*! elementor - v3.17.0 - 08-11-2023 *\/\n.elementor-widget-image{text-align:center}.elementor-widget-image a{display:inline-block}.elementor-widget-image a img[src$=\".svg\"]{width:48px}.elementor-widget-image img{vertical-align:middle;display:inline-block}<\/style>\t\t\t\t\t\t\t\t\t\t\t\t<img fetchpriority=\"high\" decoding=\"async\" width=\"2560\" height=\"1706\" src=\"https:\/\/meganetburkina.com\/wp-content\/uploads\/2023\/12\/solution-strategie-gestion-entreprise-concept-marque-scaled.jpg\" class=\"attachment-full size-full wp-image-579\" alt=\"\" srcset=\"https:\/\/meganetburkina.com\/wp-content\/uploads\/2023\/12\/solution-strategie-gestion-entreprise-concept-marque-scaled.jpg 2560w, https:\/\/meganetburkina.com\/wp-content\/uploads\/2023\/12\/solution-strategie-gestion-entreprise-concept-marque-300x200.jpg 300w, https:\/\/meganetburkina.com\/wp-content\/uploads\/2023\/12\/solution-strategie-gestion-entreprise-concept-marque-1024x683.jpg 1024w, https:\/\/meganetburkina.com\/wp-content\/uploads\/2023\/12\/solution-strategie-gestion-entreprise-concept-marque-768x512.jpg 768w, https:\/\/meganetburkina.com\/wp-content\/uploads\/2023\/12\/solution-strategie-gestion-entreprise-concept-marque-1536x1024.jpg 1536w, https:\/\/meganetburkina.com\/wp-content\/uploads\/2023\/12\/solution-strategie-gestion-entreprise-concept-marque-2048x1365.jpg 2048w\" sizes=\"(max-width: 2560px) 100vw, 2560px\" \/>\t\t\t\t\t\t\t\t\t\t\t\t\t\t\t<\/div>\n\t\t\t\t<\/div>\n\t\t\t\t<\/div>\n\t\t\t\t<div class=\"elementor-element elementor-element-444e7df elementor-widget elementor-widget-heading\" data-id=\"444e7df\" data-element_type=\"widget\" data-widget_type=\"heading.default\">\n\t\t\t\t<div class=\"elementor-widget-container\">\n\t\t\t<style>\/*! elementor - v3.17.0 - 08-11-2023 *\/\n.elementor-heading-title{padding:0;margin:0;line-height:1}.elementor-widget-heading .elementor-heading-title[class*=elementor-size-]>a{color:inherit;font-size:inherit;line-height:inherit}.elementor-widget-heading .elementor-heading-title.elementor-size-small{font-size:15px}.elementor-widget-heading .elementor-heading-title.elementor-size-medium{font-size:19px}.elementor-widget-heading .elementor-heading-title.elementor-size-large{font-size:29px}.elementor-widget-heading .elementor-heading-title.elementor-size-xl{font-size:39px}.elementor-widget-heading .elementor-heading-title.elementor-size-xxl{font-size:59px}<\/style><h2 class=\"elementor-heading-title elementor-size-default\">Faites Rayonner Votre Entreprise dans le Monde Num\u00e9rique <\/h2>\t\t<\/div>\n\t\t\t\t<\/div>\n\t\t\t\t<\/header>\n\t\t<header class=\"elementor-element elementor-element-e3e71ba e-con-full e-flex e-con e-parent\" data-id=\"e3e71ba\" data-element_type=\"container\" data-settings=\"{&quot;content_width&quot;:&quot;full&quot;}\" data-core-v316-plus=\"true\">\n\t\t<div class=\"elementor-element elementor-element-528d23f e-con-full e-flex e-con e-child\" data-id=\"528d23f\" data-element_type=\"container\" data-settings=\"{&quot;content_width&quot;:&quot;full&quot;}\">\n\t\t\t\t<div class=\"elementor-element elementor-element-acaa403 elementor-widget elementor-widget-image\" data-id=\"acaa403\" data-element_type=\"widget\" data-widget_type=\"image.default\">\n\t\t\t\t<div class=\"elementor-widget-container\">\n\t\t\t\t\t\t\t\t\t\t\t\t\t\t\t<img decoding=\"async\" width=\"2560\" height=\"2560\" src=\"https:\/\/meganetburkina.com\/wp-content\/uploads\/2023\/12\/main-tenant-concept-medias-sociaux-smartphone-scaled.jpg\" class=\"attachment-full size-full wp-image-577\" alt=\"\" srcset=\"https:\/\/meganetburkina.com\/wp-content\/uploads\/2023\/12\/main-tenant-concept-medias-sociaux-smartphone-scaled.jpg 2560w, https:\/\/meganetburkina.com\/wp-content\/uploads\/2023\/12\/main-tenant-concept-medias-sociaux-smartphone-300x300.jpg 300w, https:\/\/meganetburkina.com\/wp-content\/uploads\/2023\/12\/main-tenant-concept-medias-sociaux-smartphone-1024x1024.jpg 1024w, https:\/\/meganetburkina.com\/wp-content\/uploads\/2023\/12\/main-tenant-concept-medias-sociaux-smartphone-150x150.jpg 150w, https:\/\/meganetburkina.com\/wp-content\/uploads\/2023\/12\/main-tenant-concept-medias-sociaux-smartphone-768x768.jpg 768w, https:\/\/meganetburkina.com\/wp-content\/uploads\/2023\/12\/main-tenant-concept-medias-sociaux-smartphone-1536x1536.jpg 1536w, https:\/\/meganetburkina.com\/wp-content\/uploads\/2023\/12\/main-tenant-concept-medias-sociaux-smartphone-2048x2048.jpg 2048w\" sizes=\"(max-width: 2560px) 100vw, 2560px\" \/>\t\t\t\t\t\t\t\t\t\t\t\t\t\t\t<\/div>\n\t\t\t\t<\/div>\n\t\t\t\t<\/div>\n\t\t\t\t<div class=\"elementor-element elementor-element-1971c25 elementor-widget elementor-widget-text-editor\" data-id=\"1971c25\" data-element_type=\"widget\" data-widget_type=\"text-editor.default\">\n\t\t\t\t<div class=\"elementor-widget-container\">\n\t\t\t<style>\/*! elementor - v3.17.0 - 08-11-2023 *\/\n.elementor-widget-text-editor.elementor-drop-cap-view-stacked .elementor-drop-cap{background-color:#69727d;color:#fff}.elementor-widget-text-editor.elementor-drop-cap-view-framed .elementor-drop-cap{color:#69727d;border:3px solid;background-color:transparent}.elementor-widget-text-editor:not(.elementor-drop-cap-view-default) .elementor-drop-cap{margin-top:8px}.elementor-widget-text-editor:not(.elementor-drop-cap-view-default) .elementor-drop-cap-letter{width:1em;height:1em}.elementor-widget-text-editor .elementor-drop-cap{float:left;text-align:center;line-height:1;font-size:50px}.elementor-widget-text-editor .elementor-drop-cap-letter{display:inline-block}<\/style>\t\t\t\t<p><strong>Optimisation du Site Web\u00a0<\/strong><\/p><p>Votre site web est le pilier de votre pr\u00e9sence en ligne. Nous le optimisons pour une exp\u00e9rience utilisateur exceptionnelle, une navigation conviviale et une conversion maximale, garantissant qu&#8217;il refl\u00e8te la qualit\u00e9 de vos produits ou services.<\/p><p><strong> SEO (R\u00e9f\u00e9rencement Naturel) Performant :<\/strong><\/p><p>\u00catre trouv\u00e9 en ligne est crucial. Notre expertise en SEO maximise la visibilit\u00e9 de votre site web sur les moteurs de recherche. Des techniques avanc\u00e9es sont utilis\u00e9es pour positionner votre entreprise en haut des r\u00e9sultats de recherche pertinents.<\/p><p><strong>Campagnes Publicitaires Cibl\u00e9es<\/strong><\/p><p>Les campagnes publicitaires cibl\u00e9es sont la cl\u00e9 de l&#8217;engagement. Nous concevons des campagnes percutantes sur les plateformes publicitaires pertinentes, atteignant votre public l\u00e0 o\u00f9 il se trouve et g\u00e9n\u00e9rant des leads de qualit\u00e9.<\/p><p>\u00a0<\/p><p>\u00a0<\/p>\t\t\t\t\t\t<\/div>\n\t\t\t\t<\/div>\n\t\t\t\t<\/header>\n\t\t<div class=\"elementor-element elementor-element-45a1d9eb e-con-full e-flex e-con e-parent\" data-id=\"45a1d9eb\" data-element_type=\"container\" data-settings=\"{&quot;background_background&quot;:&quot;classic&quot;,&quot;content_width&quot;:&quot;full&quot;}\" data-core-v316-plus=\"true\">\n\t\t<div class=\"elementor-element elementor-element-5f08548f e-con-full e-flex e-con e-child\" data-id=\"5f08548f\" data-element_type=\"container\" data-settings=\"{&quot;content_width&quot;:&quot;full&quot;}\">\n\t\t\t\t<div class=\"elementor-element elementor-element-5cd75b6e elementor-widget elementor-widget-heading\" data-id=\"5cd75b6e\" data-element_type=\"widget\" data-widget_type=\"heading.default\">\n\t\t\t\t<div class=\"elementor-widget-container\">\n\t\t\t<h1 class=\"elementor-heading-title elementor-size-default\">Strat\u00e9gie de Marketing Holistique<\/h1>\t\t<\/div>\n\t\t\t\t<\/div>\n\t\t\t\t<div class=\"elementor-element elementor-element-7feae389 elementor-widget elementor-widget-text-editor\" data-id=\"7feae389\" data-element_type=\"widget\" data-widget_type=\"text-editor.default\">\n\t\t\t\t<div class=\"elementor-widget-container\">\n\t\t\t\t\t\t\t<p>Notre approche de marketing digital commence par une strat\u00e9gie holistique. Nous comprenons votre entreprise, vos objectifs et votre public cible pour cr\u00e9er une feuille de route personnalis\u00e9e, int\u00e9grant divers canaux pour maximiser votre visibilit\u00e9 en ligne.<\/p>\t\t\t\t\t\t<\/div>\n\t\t\t\t<\/div>\n\t\t\t\t<\/div>\n\t\t<div class=\"elementor-element elementor-element-1016deff e-con-full e-flex e-con e-child\" data-id=\"1016deff\" data-element_type=\"container\" data-settings=\"{&quot;content_width&quot;:&quot;full&quot;}\">\n\t\t\t\t<div class=\"elementor-element elementor-element-7e1ec4aa elementor-widget elementor-widget-image\" data-id=\"7e1ec4aa\" data-element_type=\"widget\" data-widget_type=\"image.default\">\n\t\t\t\t<div class=\"elementor-widget-container\">\n\t\t\t\t\t\t\t\t\t\t\t\t\t\t\t<img decoding=\"async\" width=\"1024\" height=\"797\" src=\"https:\/\/meganetburkina.com\/wp-content\/uploads\/2023\/12\/marketing-numerique-icones-gens-affaires-1024x797.jpg\" class=\"attachment-large size-large wp-image-578\" alt=\"\" srcset=\"https:\/\/meganetburkina.com\/wp-content\/uploads\/2023\/12\/marketing-numerique-icones-gens-affaires-1024x797.jpg 1024w, https:\/\/meganetburkina.com\/wp-content\/uploads\/2023\/12\/marketing-numerique-icones-gens-affaires-300x234.jpg 300w, https:\/\/meganetburkina.com\/wp-content\/uploads\/2023\/12\/marketing-numerique-icones-gens-affaires-768x598.jpg 768w, https:\/\/meganetburkina.com\/wp-content\/uploads\/2023\/12\/marketing-numerique-icones-gens-affaires-1536x1196.jpg 1536w, https:\/\/meganetburkina.com\/wp-content\/uploads\/2023\/12\/marketing-numerique-icones-gens-affaires-2048x1594.jpg 2048w\" sizes=\"(max-width: 1024px) 100vw, 1024px\" \/>\t\t\t\t\t\t\t\t\t\t\t\t\t\t\t<\/div>\n\t\t\t\t<\/div>\n\t\t\t\t<\/div>\n\t\t\t\t<\/div>\n\t\t<div class=\"elementor-element elementor-element-7cca8cf e-con-full e-flex e-con e-parent\" data-id=\"7cca8cf\" data-element_type=\"container\" data-settings=\"{&quot;background_background&quot;:&quot;classic&quot;,&quot;content_width&quot;:&quot;full&quot;}\" data-core-v316-plus=\"true\">\n\t\t<div class=\"elementor-element elementor-element-f8f9b6a e-con-full e-flex e-con e-child\" data-id=\"f8f9b6a\" data-element_type=\"container\" data-settings=\"{&quot;content_width&quot;:&quot;full&quot;}\">\n\t\t\t\t<div class=\"elementor-element elementor-element-e6f75ec elementor-widget elementor-widget-heading\" data-id=\"e6f75ec\" data-element_type=\"widget\" data-widget_type=\"heading.default\">\n\t\t\t\t<div class=\"elementor-widget-container\">\n\t\t\t<h1 class=\"elementor-heading-title elementor-size-default\">Engagement sur les R\u00e9seaux Sociaux<\/h1>\t\t<\/div>\n\t\t\t\t<\/div>\n\t\t\t\t<div class=\"elementor-element elementor-element-93c3311 elementor-widget elementor-widget-text-editor\" data-id=\"93c3311\" data-element_type=\"widget\" data-widget_type=\"text-editor.default\">\n\t\t\t\t<div class=\"elementor-widget-container\">\n\t\t\t\t\t\t\t<p><strong> Strat\u00e9gie de Contenu Engageante :<\/strong> Le contenu est roi, surtout sur les r\u00e9seaux sociaux. Nous cr\u00e9ons une strat\u00e9gie de contenu engageante, incluant des vid\u00e9os, des images et des publications pertinentes pour cr\u00e9er une communaut\u00e9 fid\u00e8le autour de votre marque.<\/p><p><strong>\u00a0Gestion de Campagnes sur les R\u00e9seaux Sociaux :<\/strong> Maximisez votre pr\u00e9sence sur les r\u00e9seaux sociaux avec des campagnes bien planifi\u00e9es. Des annonces cibl\u00e9es, des concours et une interaction constante font partie de notre approche pour accro\u00eetre la notori\u00e9t\u00e9 de votre marque et stimuler l&#8217;engagement.<\/p><p><strong>Analyse des Donn\u00e9es Sociales :<\/strong> La r\u00e9ussite sur les r\u00e9seaux sociaux est mesurable. Nous utilisons des outils d&#8217;analyse avanc\u00e9s pour \u00e9valuer la performance de vos campagnes, ajustant notre strat\u00e9gie en fonction des tendances et des retours des utilisateurs.<\/p><h4><strong>E-mail Marketing Efficace :<\/strong><\/h4><p><strong>\u00a0Campagnes Personnalis\u00e9es :<\/strong> L&#8217;e-mail marketing reste un canal puissant. Nous cr\u00e9ons des campagnes d&#8217;e-mailing personnalis\u00e9es, exploitant des tactiques de segmentation pour envoyer des messages pertinents qui r\u00e9sonnent avec votre public.<\/p><p><strong>Automatisation Intelligente :<\/strong> Simplifiez votre processus marketing avec l&#8217;automatisation. Des campagnes d&#8217;e-mails automatis\u00e9es sont mises en place pour suivre les leads, renforcer l&#8217;engagement et encourager les conversions.<\/p>\t\t\t\t\t\t<\/div>\n\t\t\t\t<\/div>\n\t\t\t\t<\/div>\n\t\t<div class=\"elementor-element elementor-element-b1459b8 e-con-full e-flex e-con e-child\" data-id=\"b1459b8\" data-element_type=\"container\" data-settings=\"{&quot;content_width&quot;:&quot;full&quot;}\">\n\t\t\t\t<div class=\"elementor-element elementor-element-bfbaaf3 elementor-widget elementor-widget-image\" data-id=\"bfbaaf3\" data-element_type=\"widget\" data-widget_type=\"image.default\">\n\t\t\t\t<div class=\"elementor-widget-container\">\n\t\t\t\t\t\t\t\t\t\t\t\t\t\t\t<img loading=\"lazy\" decoding=\"async\" width=\"1024\" height=\"683\" src=\"https:\/\/meganetburkina.com\/wp-content\/uploads\/2023\/12\/7038058-1024x683.jpg\" class=\"attachment-large size-large wp-image-583\" alt=\"\" srcset=\"https:\/\/meganetburkina.com\/wp-content\/uploads\/2023\/12\/7038058-1024x683.jpg 1024w, https:\/\/meganetburkina.com\/wp-content\/uploads\/2023\/12\/7038058-300x200.jpg 300w, https:\/\/meganetburkina.com\/wp-content\/uploads\/2023\/12\/7038058-768x512.jpg 768w, https:\/\/meganetburkina.com\/wp-content\/uploads\/2023\/12\/7038058-1536x1024.jpg 1536w, https:\/\/meganetburkina.com\/wp-content\/uploads\/2023\/12\/7038058-2048x1365.jpg 2048w\" sizes=\"(max-width: 1024px) 100vw, 1024px\" \/>\t\t\t\t\t\t\t\t\t\t\t\t\t\t\t<\/div>\n\t\t\t\t<\/div>\n\t\t\t\t<div class=\"elementor-element elementor-element-3b23730 elementor-widget elementor-widget-text-editor\" data-id=\"3b23730\" data-element_type=\"widget\" data-widget_type=\"text-editor.default\">\n\t\t\t\t<div class=\"elementor-widget-container\">\n\t\t\t\t\t\t\t<h4><strong>Rapports et Analyse Approfondie :<\/strong><\/h4><p><strong>\u00a0Suivi de la Performance :<\/strong> La r\u00e9ussite dans le marketing digital est bas\u00e9e sur des donn\u00e9es tangibles. Nous fournissons des rapports r\u00e9guliers, d\u00e9taillant les indicateurs cl\u00e9s de performance (KPI) et ajustant nos strat\u00e9gies en cons\u00e9quence.<\/p><p><strong>Analyse du Retour sur Investissement (ROI) :<\/strong> La valeur de chaque euro d\u00e9pens\u00e9 est \u00e9valu\u00e9e avec pr\u00e9cision. Notre analyse du ROI garantit que chaque action de marketing contribue directement \u00e0 vos objectifs commerciaux.<\/p><h4><strong>Formation Continue et Veille Technologique :<\/strong><\/h4><p><strong>\u00a0Formation du Personnel :<\/strong> Nous ne vous laissons pas seul. Nous offrons une formation approfondie \u00e0 votre \u00e9quipe pour maximiser l&#8217;utilisation des outils marketing et maintenir une pr\u00e9sence num\u00e9rique dynamique.<\/p><p><strong>Veille Technologique Continue :<\/strong> Le monde du marketing digital \u00e9volue rapidement. Nous restons \u00e0 la pointe des tendances \u00e9mergentes, int\u00e9grant les derni\u00e8res technologies pour garantir que votre entreprise reste en t\u00eate.<\/p>\t\t\t\t\t\t<\/div>\n\t\t\t\t<\/div>\n\t\t\t\t<\/div>\n\t\t\t\t<\/div>\n\t\t\t\t\t\t\t<\/div>\n\t\t","protected":false},"excerpt":{"rendered":"<p>Faites Rayonner Votre Entreprise dans le Monde Num\u00e9rique Optimisation du Site Web\u00a0 Votre site web est le pilier de votre pr\u00e9sence en ligne. Nous le optimisons pour une exp\u00e9rience utilisateur exceptionnelle, une navigation conviviale et une conversion maximale, garantissant qu&#8217;il refl\u00e8te la qualit\u00e9 de vos produits ou services. SEO (R\u00e9f\u00e9rencement Naturel) Performant : \u00catre trouv\u00e9 &hellip;<\/p>\n<p class=\"read-more\"> <a class=\"\" href=\"https:\/\/meganetburkina.com\/index.php\/marketing-digital\/\"> <span class=\"screen-reader-text\">Marketing Digital<\/span> Read More &raquo;<\/a><\/p>\n","protected":false},"author":1,"featured_media":0,"parent":0,"menu_order":0,"comment_status":"closed","ping_status":"closed","template":"","meta":{"site-sidebar-layout":"no-sidebar","site-content-layout":"page-builder","ast-site-content-layout":"full-width-container","site-content-style":"default","site-sidebar-style":"default","ast-global-header-display":"","ast-banner-title-visibility":"","ast-main-header-display":"","ast-hfb-above-header-display":"","ast-hfb-below-header-display":"","ast-hfb-mobile-header-display":"","site-post-title":"disabled","ast-breadcrumbs-content":"","ast-featured-img":"disabled","footer-sml-layout":"","theme-transparent-header-meta":"","adv-header-id-meta":"","stick-header-meta":"","header-above-stick-meta":"","header-main-stick-meta":"","header-below-stick-meta":"","astra-migrate-meta-layouts":"set","ast-page-background-enabled":"default","ast-page-background-meta":{"desktop":{"background-color":"","background-image":"","background-repeat":"repeat","background-position":"center center","background-size":"auto","background-attachment":"scroll","background-type":"","background-media":"","overlay-type":"","overlay-color":"","overlay-gradient":""},"tablet":{"background-color":"","background-image":"","background-repeat":"repeat","background-position":"center center","background-size":"auto","background-attachment":"scroll","background-type":"","background-media":"","overlay-type":"","overlay-color":"","overlay-gradient":""},"mobile":{"background-color":"","background-image":"","background-repeat":"repeat","background-position":"center center","background-size":"auto","background-attachment":"scroll","background-type":"","background-media":"","overlay-type":"","overlay-color":"","overlay-gradient":""}},"ast-content-background-meta":{"desktop":{"background-color":"var(--ast-global-color-5)","background-image":"","background-repeat":"repeat","background-position":"center center","background-size":"auto","background-attachment":"scroll","background-type":"","background-media":"","overlay-type":"","overlay-color":"","overlay-gradient":""},"tablet":{"background-color":"var(--ast-global-color-5)","background-image":"","background-repeat":"repeat","background-position":"center center","background-size":"auto","background-attachment":"scroll","background-type":"","background-media":"","overlay-type":"","overlay-color":"","overlay-gradient":""},"mobile":{"background-color":"var(--ast-global-color-5)","background-image":"","background-repeat":"repeat","background-position":"center center","background-size":"auto","background-attachment":"scroll","background-type":"","background-media":"","overlay-type":"","overlay-color":"","overlay-gradient":""}},"footnotes":""},"class_list":["post-557","page","type-page","status-publish","hentry"],"_links":{"self":[{"href":"https:\/\/meganetburkina.com\/index.php\/wp-json\/wp\/v2\/pages\/557","targetHints":{"allow":["GET"]}}],"collection":[{"href":"https:\/\/meganetburkina.com\/index.php\/wp-json\/wp\/v2\/pages"}],"about":[{"href":"https:\/\/meganetburkina.com\/index.php\/wp-json\/wp\/v2\/types\/page"}],"author":[{"embeddable":true,"href":"https:\/\/meganetburkina.com\/index.php\/wp-json\/wp\/v2\/users\/1"}],"replies":[{"embeddable":true,"href":"https:\/\/meganetburkina.com\/index.php\/wp-json\/wp\/v2\/comments?post=557"}],"version-history":[{"count":7,"href":"https:\/\/meganetburkina.com\/index.php\/wp-json\/wp\/v2\/pages\/557\/revisions"}],"predecessor-version":[{"id":590,"href":"https:\/\/meganetburkina.com\/index.php\/wp-json\/wp\/v2\/pages\/557\/revisions\/590"}],"wp:attachment":[{"href":"https:\/\/meganetburkina.com\/index.php\/wp-json\/wp\/v2\/media?parent=557"}],"curies":[{"name":"wp","href":"https:\/\/api.w.org\/{rel}","templated":true}]}}